{"id":3778,"date":"2019-04-13T18:42:09","date_gmt":"2019-04-13T18:42:09","guid":{"rendered":"https:\/\/www.calzatechusa.com\/?post_type=product&#038;p=3778"},"modified":"2019-05-14T21:35:07","modified_gmt":"2019-05-14T21:35:07","slug":"zebra","status":"publish","type":"product","link":"https:\/\/www.calzatechusa.com\/es\/producto\/zebra\/","title":{"rendered":"Zebra"},"content":{"rendered":"<p>921 TB<\/p>\n","protected":false},"excerpt":{"rendered":"<p dir=\"ltr\">La Bota Todo Terreno est\u00e1 dise\u00f1ada para profesionales de toda \u00e1rea laboral. brindando una protecci\u00f3n duradera y segura en una amplia variedad de usos, combinan la puntera de seguridad y un sistema de confort. No es de extra\u00f1ar que se haya convertido en una de las colecciones m\u00e1s populares y vers\u00e1tiles de Calzatechusa. La versatilidad y personalizaci\u00f3n de All Terrain asegura que podr\u00e1 encontrar el zapato perfecto para sus necesidades. Explore nuestra selecci\u00f3n de marcas de confianza para encontrar un calzado de seguridad c\u00f3modo y resistente.<\/p>\n<ul>\n<li dir=\"ltr\">\n<p dir=\"ltr\">100% Piel Vaqueta.<\/p>\n<\/li>\n<li dir=\"ltr\">\n<p dir=\"ltr\">Cuello acolchado<\/p>\n<\/li>\n<li dir=\"ltr\">\n<p dir=\"ltr\">Anti statico.<\/p>\n<\/li>\n<li dir=\"ltr\">\n<p dir=\"ltr\">Suela antideslizante<\/p>\n<\/li>\n<li dir=\"ltr\">\n<p dir=\"ltr\">Resistente al aceite.<\/p>\n<\/li>\n<li dir=\"ltr\">\n<p dir=\"ltr\">Doble costura<\/p>\n<\/li>\n<li dir=\"ltr\">\n<p dir=\"ltr\">Puntera de Goma para protecci\u00f3n leve<\/p>\n<\/li>\n<li dir=\"ltr\">\n<p dir=\"ltr\">( Opcional ) Puntera de Hierro<\/p>\n<\/li>\n<\/ul>\n<p>921 TB [&#8230;]<\/p>\n<p><a class=\"btn btn-secondary spurs-read-more-link\" href=\"https:\/\/www.calzatechusa.com\/es\/producto\/zebra\/\">Read More&#8230;<\/a><\/p>\n","protected":false},"featured_media":3774,"template":"","meta":[],"product_cat":[17],"product_tag":[39],"yoast_head":"<!-- This site is optimized with the Yoast SEO plugin v19.7.1 - https:\/\/yoast.com\/wordpress\/plugins\/seo\/ -->\n<title>Zebra - CalzaTech Usa<\/title>\n<meta name=\"robots\" content=\"index, follow, max-snippet:-1, max-image-preview:large, max-video-preview:-1\" \/>\n<link rel=\"canonical\" href=\"https:\/\/www.calzatechusa.com\/es\/producto\/zebra\/\" \/>\n<meta property=\"og:locale\" content=\"es_ES\" \/>\n<meta property=\"og:type\" content=\"article\" \/>\n<meta property=\"og:title\" content=\"Zebra - CalzaTech Usa\" \/>\n<meta property=\"og:description\" content=\"La Bota Todo Terreno est\u00e1 dise\u00f1ada para profesionales de toda \u00e1rea laboral. brindando una protecci\u00f3n duradera y segura en una amplia variedad de usos, combinan la puntera de seguridad y un sistema de confort. No es de extra\u00f1ar que se haya convertido en una de las colecciones m\u00e1s populares y vers\u00e1tiles de Calzatechusa. La versatilidad y personalizaci\u00f3n de All Terrain asegura que podr\u00e1 encontrar el zapato perfecto para sus necesidades. Explore nuestra selecci\u00f3n de marcas de confianza para encontrar un calzado de seguridad c\u00f3modo y resistente.     100% Piel Vaqueta.    Cuello acolchado    Anti statico.    Suela antideslizante    Resistente al aceite.    Doble costura    Puntera de Goma para protecci\u00f3n leve    ( Opcional ) Puntera de Hierro   921 TB [...]Read More...\" \/>\n<meta property=\"og:url\" content=\"https:\/\/www.calzatechusa.com\/es\/producto\/zebra\/\" \/>\n<meta property=\"og:site_name\" content=\"CalzaTech Usa\" \/>\n<meta property=\"article:modified_time\" content=\"2019-05-14T21:35:07+00:00\" \/>\n<meta property=\"og:image\" content=\"https:\/\/www.calzatechusa.com\/wp-content\/uploads\/2019\/04\/BN-Nueva-website-costura-blanca-par.jpg\" \/>\n\t<meta property=\"og:image:width\" content=\"600\" \/>\n\t<meta property=\"og:image:height\" content=\"600\" \/>\n\t<meta property=\"og:image:type\" content=\"image\/jpeg\" \/>\n<meta name=\"twitter:card\" content=\"summary_large_image\" \/>\n<script type=\"application\/ld+json\" class=\"yoast-schema-graph\">{\"@context\":\"https:\/\/schema.org\",\"@graph\":[{\"@type\":\"WebPage\",\"@id\":\"https:\/\/www.calzatechusa.com\/es\/producto\/zebra\/\",\"url\":\"https:\/\/www.calzatechusa.com\/es\/producto\/zebra\/\",\"name\":\"Zebra - CalzaTech Usa\",\"isPartOf\":{\"@id\":\"https:\/\/www.calzatechusa.com\/#website\"},\"datePublished\":\"2019-04-13T18:42:09+00:00\",\"dateModified\":\"2019-05-14T21:35:07+00:00\",\"breadcrumb\":{\"@id\":\"https:\/\/www.calzatechusa.com\/es\/producto\/zebra\/#breadcrumb\"},\"inLanguage\":\"es\",\"potentialAction\":[{\"@type\":\"ReadAction\",\"target\":[\"https:\/\/www.calzatechusa.com\/es\/producto\/zebra\/\"]}]},{\"@type\":\"BreadcrumbList\",\"@id\":\"https:\/\/www.calzatechusa.com\/es\/producto\/zebra\/#breadcrumb\",\"itemListElement\":[{\"@type\":\"ListItem\",\"position\":1,\"name\":\"Home\",\"item\":\"https:\/\/www.calzatechusa.com\/es\/\"},{\"@type\":\"ListItem\",\"position\":2,\"name\":\"Shop\",\"item\":\"https:\/\/www.calzatechusa.com\/shop\/\"},{\"@type\":\"ListItem\",\"position\":3,\"name\":\"Zebra\"}]},{\"@type\":\"WebSite\",\"@id\":\"https:\/\/www.calzatechusa.com\/#website\",\"url\":\"https:\/\/www.calzatechusa.com\/\",\"name\":\"CalzaTech Usa\",\"description\":\"\",\"potentialAction\":[{\"@type\":\"SearchAction\",\"target\":{\"@type\":\"EntryPoint\",\"urlTemplate\":\"https:\/\/www.calzatechusa.com\/?s={search_term_string}\"},\"query-input\":\"required name=search_term_string\"}],\"inLanguage\":\"es\"}]}<\/script>\n<!-- \/ Yoast SEO plugin. -->","yoast_head_json":{"title":"Zebra - CalzaTech Usa","robots":{"index":"index","follow":"follow","max-snippet":"max-snippet:-1","max-image-preview":"max-image-preview:large","max-video-preview":"max-video-preview:-1"},"canonical":"https:\/\/www.calzatechusa.com\/es\/producto\/zebra\/","og_locale":"es_ES","og_type":"article","og_title":"Zebra - CalzaTech Usa","og_description":"La Bota Todo Terreno est\u00e1 dise\u00f1ada para profesionales de toda \u00e1rea laboral. brindando una protecci\u00f3n duradera y segura en una amplia variedad de usos, combinan la puntera de seguridad y un sistema de confort. No es de extra\u00f1ar que se haya convertido en una de las colecciones m\u00e1s populares y vers\u00e1tiles de Calzatechusa. La versatilidad y personalizaci\u00f3n de All Terrain asegura que podr\u00e1 encontrar el zapato perfecto para sus necesidades. Explore nuestra selecci\u00f3n de marcas de confianza para encontrar un calzado de seguridad c\u00f3modo y resistente.     100% Piel Vaqueta.    Cuello acolchado    Anti statico.    Suela antideslizante    Resistente al aceite.    Doble costura    Puntera de Goma para protecci\u00f3n leve    ( Opcional ) Puntera de Hierro   921 TB [...]Read More...","og_url":"https:\/\/www.calzatechusa.com\/es\/producto\/zebra\/","og_site_name":"CalzaTech Usa","article_modified_time":"2019-05-14T21:35:07+00:00","og_image":[{"width":600,"height":600,"url":"https:\/\/www.calzatechusa.com\/wp-content\/uploads\/2019\/04\/BN-Nueva-website-costura-blanca-par.jpg","type":"image\/jpeg"}],"twitter_card":"summary_large_image","schema":{"@context":"https:\/\/schema.org","@graph":[{"@type":"WebPage","@id":"https:\/\/www.calzatechusa.com\/es\/producto\/zebra\/","url":"https:\/\/www.calzatechusa.com\/es\/producto\/zebra\/","name":"Zebra - CalzaTech Usa","isPartOf":{"@id":"https:\/\/www.calzatechusa.com\/#website"},"datePublished":"2019-04-13T18:42:09+00:00","dateModified":"2019-05-14T21:35:07+00:00","breadcrumb":{"@id":"https:\/\/www.calzatechusa.com\/es\/producto\/zebra\/#breadcrumb"},"inLanguage":"es","potentialAction":[{"@type":"ReadAction","target":["https:\/\/www.calzatechusa.com\/es\/producto\/zebra\/"]}]},{"@type":"BreadcrumbList","@id":"https:\/\/www.calzatechusa.com\/es\/producto\/zebra\/#breadcrumb","itemListElement":[{"@type":"ListItem","position":1,"name":"Home","item":"https:\/\/www.calzatechusa.com\/es\/"},{"@type":"ListItem","position":2,"name":"Shop","item":"https:\/\/www.calzatechusa.com\/shop\/"},{"@type":"ListItem","position":3,"name":"Zebra"}]},{"@type":"WebSite","@id":"https:\/\/www.calzatechusa.com\/#website","url":"https:\/\/www.calzatechusa.com\/","name":"CalzaTech Usa","description":"","potentialAction":[{"@type":"SearchAction","target":{"@type":"EntryPoint","urlTemplate":"https:\/\/www.calzatechusa.com\/?s={search_term_string}"},"query-input":"required name=search_term_string"}],"inLanguage":"es"}]}},"_links":{"self":[{"href":"https:\/\/www.calzatechusa.com\/es\/wp-json\/wp\/v2\/product\/3778\/"}],"collection":[{"href":"https:\/\/www.calzatechusa.com\/es\/wp-json\/wp\/v2\/product\/"}],"about":[{"href":"https:\/\/www.calzatechusa.com\/es\/wp-json\/wp\/v2\/types\/product\/"}],"wp:featuredmedia":[{"embeddable":true,"href":"https:\/\/www.calzatechusa.com\/es\/wp-json\/wp\/v2\/media\/3774\/"}],"wp:attachment":[{"href":"https:\/\/www.calzatechusa.com\/es\/wp-json\/wp\/v2\/media\/?parent=3778"}],"wp:term":[{"taxonomy":"product_cat","embeddable":true,"href":"https:\/\/www.calzatechusa.com\/es\/wp-json\/wp\/v2\/product_cat\/?post=3778"},{"taxonomy":"product_tag","embeddable":true,"href":"https:\/\/www.calzatechusa.com\/es\/wp-json\/wp\/v2\/product_tag\/?post=3778"}],"curies":[{"name":"wp","href":"https:\/\/api.w.org\/{rel}","templated":true}]}}