{"id":3876,"date":"2019-04-17T14:24:34","date_gmt":"2019-04-17T14:24:34","guid":{"rendered":"https:\/\/www.calzatechusa.com\/?post_type=product&#038;p=3876"},"modified":"2019-05-14T20:34:31","modified_gmt":"2019-05-14T20:34:31","slug":"zebra-c-punta-de-hierro","status":"publish","type":"product","link":"https:\/\/www.calzatechusa.com\/es\/producto\/zebra-c-punta-de-hierro\/","title":{"rendered":"Zebra C\/ Punta de Hierro"},"content":{"rendered":"","protected":false},"excerpt":{"rendered":"<p dir=\"ltr\">La Bota Todo Terreno est\u00e1 dise\u00f1ada para profesionales de toda \u00e1rea laboral. brindando una protecci\u00f3n duradera y segura en una amplia variedad de usos, combinan la puntera de seguridad y un sistema de confort. No es de extra\u00f1ar que se haya convertido en una de las colecciones m\u00e1s populares y vers\u00e1tiles de Calzatechusa. La versatilidad y personalizaci\u00f3n de All Terrain asegura que podr\u00e1 encontrar el zapato perfecto para sus necesidades. Explore nuestra selecci\u00f3n de marcas de confianza para encontrar un calzado de seguridad c\u00f3modo y resistente.<\/p>\n<ul>\n<li dir=\"ltr\">\n<p dir=\"ltr\">100% Piel Vaqueta.<\/p>\n<\/li>\n<li dir=\"ltr\">\n<p dir=\"ltr\">Cuello acolchado<\/p>\n<\/li>\n<li dir=\"ltr\">\n<p dir=\"ltr\">Anti statico.<\/p>\n<\/li>\n<li dir=\"ltr\">\n<p dir=\"ltr\">Suela antideslizante<\/p>\n<\/li>\n<li dir=\"ltr\">\n<p dir=\"ltr\">Resistente al aceite.<\/p>\n<\/li>\n<li dir=\"ltr\">\n<p dir=\"ltr\">Doble costura<\/p>\n<\/li>\n<li dir=\"ltr\">\n<p dir=\"ltr\">Puntera de Goma para protecci\u00f3n leve<\/p>\n<\/li>\n<li dir=\"ltr\">\n<p dir=\"ltr\">( Opcional ) Puntera de Hierro<\/p>\n<\/li>\n<\/ul>\n<p>921P [&#8230;]<\/p>\n<p><a class=\"btn btn-secondary spurs-read-more-link\" href=\"https:\/\/www.calzatechusa.com\/es\/producto\/zebra-c-punta-de-hierro\/\">Read More&#8230;<\/a><\/p>\n","protected":false},"featured_media":3903,"template":"","meta":[],"product_cat":[17],"product_tag":[],"yoast_head":"<!-- This site is optimized with the Yoast SEO plugin v19.7.1 - https:\/\/yoast.com\/wordpress\/plugins\/seo\/ -->\n<title>Zebra C\/ Punta de Hierro - CalzaTech Usa<\/title>\n<meta name=\"robots\" content=\"index, follow, max-snippet:-1, max-image-preview:large, max-video-preview:-1\" \/>\n<link rel=\"canonical\" href=\"https:\/\/www.calzatechusa.com\/es\/producto\/zebra-c-punta-de-hierro\/\" \/>\n<meta property=\"og:locale\" content=\"es_ES\" \/>\n<meta property=\"og:type\" content=\"article\" \/>\n<meta property=\"og:title\" content=\"Zebra C\/ Punta de Hierro - CalzaTech Usa\" \/>\n<meta property=\"og:description\" content=\"La Bota Todo Terreno est\u00e1 dise\u00f1ada para profesionales de toda \u00e1rea laboral. brindando una protecci\u00f3n duradera y segura en una amplia variedad de usos, combinan la puntera de seguridad y un sistema de confort. No es de extra\u00f1ar que se haya convertido en una de las colecciones m\u00e1s populares y vers\u00e1tiles de Calzatechusa. La versatilidad y personalizaci\u00f3n de All Terrain asegura que podr\u00e1 encontrar el zapato perfecto para sus necesidades. Explore nuestra selecci\u00f3n de marcas de confianza para encontrar un calzado de seguridad c\u00f3modo y resistente.     100% Piel Vaqueta.    Cuello acolchado    Anti statico.    Suela antideslizante    Resistente al aceite.    Doble costura    Puntera de Goma para protecci\u00f3n leve    ( Opcional ) Puntera de Hierro   921P [...]Read More...\" \/>\n<meta property=\"og:url\" content=\"https:\/\/www.calzatechusa.com\/es\/producto\/zebra-c-punta-de-hierro\/\" \/>\n<meta property=\"og:site_name\" content=\"CalzaTech Usa\" \/>\n<meta property=\"article:modified_time\" content=\"2019-05-14T20:34:31+00:00\" \/>\n<meta property=\"og:image\" content=\"https:\/\/www.calzatechusa.com\/wp-content\/uploads\/2019\/04\/BNNCB-PH.jpg\" \/>\n\t<meta property=\"og:image:width\" content=\"600\" \/>\n\t<meta property=\"og:image:height\" content=\"452\" \/>\n\t<meta property=\"og:image:type\" content=\"image\/jpeg\" \/>\n<meta name=\"twitter:card\" content=\"summary_large_image\" \/>\n<script type=\"application\/ld+json\" class=\"yoast-schema-graph\">{\"@context\":\"https:\/\/schema.org\",\"@graph\":[{\"@type\":\"WebPage\",\"@id\":\"https:\/\/www.calzatechusa.com\/es\/producto\/zebra-c-punta-de-hierro\/\",\"url\":\"https:\/\/www.calzatechusa.com\/es\/producto\/zebra-c-punta-de-hierro\/\",\"name\":\"Zebra C\/ Punta de Hierro - CalzaTech Usa\",\"isPartOf\":{\"@id\":\"https:\/\/www.calzatechusa.com\/#website\"},\"datePublished\":\"2019-04-17T14:24:34+00:00\",\"dateModified\":\"2019-05-14T20:34:31+00:00\",\"breadcrumb\":{\"@id\":\"https:\/\/www.calzatechusa.com\/es\/producto\/zebra-c-punta-de-hierro\/#breadcrumb\"},\"inLanguage\":\"es\",\"potentialAction\":[{\"@type\":\"ReadAction\",\"target\":[\"https:\/\/www.calzatechusa.com\/es\/producto\/zebra-c-punta-de-hierro\/\"]}]},{\"@type\":\"BreadcrumbList\",\"@id\":\"https:\/\/www.calzatechusa.com\/es\/producto\/zebra-c-punta-de-hierro\/#breadcrumb\",\"itemListElement\":[{\"@type\":\"ListItem\",\"position\":1,\"name\":\"Home\",\"item\":\"https:\/\/www.calzatechusa.com\/es\/\"},{\"@type\":\"ListItem\",\"position\":2,\"name\":\"Shop\",\"item\":\"https:\/\/www.calzatechusa.com\/shop\/\"},{\"@type\":\"ListItem\",\"position\":3,\"name\":\"Zebra C\/ Punta de Hierro\"}]},{\"@type\":\"WebSite\",\"@id\":\"https:\/\/www.calzatechusa.com\/#website\",\"url\":\"https:\/\/www.calzatechusa.com\/\",\"name\":\"CalzaTech Usa\",\"description\":\"\",\"potentialAction\":[{\"@type\":\"SearchAction\",\"target\":{\"@type\":\"EntryPoint\",\"urlTemplate\":\"https:\/\/www.calzatechusa.com\/?s={search_term_string}\"},\"query-input\":\"required name=search_term_string\"}],\"inLanguage\":\"es\"}]}<\/script>\n<!-- \/ Yoast SEO plugin. -->","yoast_head_json":{"title":"Zebra C\/ Punta de Hierro - CalzaTech Usa","robots":{"index":"index","follow":"follow","max-snippet":"max-snippet:-1","max-image-preview":"max-image-preview:large","max-video-preview":"max-video-preview:-1"},"canonical":"https:\/\/www.calzatechusa.com\/es\/producto\/zebra-c-punta-de-hierro\/","og_locale":"es_ES","og_type":"article","og_title":"Zebra C\/ Punta de Hierro - CalzaTech Usa","og_description":"La Bota Todo Terreno est\u00e1 dise\u00f1ada para profesionales de toda \u00e1rea laboral. brindando una protecci\u00f3n duradera y segura en una amplia variedad de usos, combinan la puntera de seguridad y un sistema de confort. No es de extra\u00f1ar que se haya convertido en una de las colecciones m\u00e1s populares y vers\u00e1tiles de Calzatechusa. La versatilidad y personalizaci\u00f3n de All Terrain asegura que podr\u00e1 encontrar el zapato perfecto para sus necesidades. Explore nuestra selecci\u00f3n de marcas de confianza para encontrar un calzado de seguridad c\u00f3modo y resistente.     100% Piel Vaqueta.    Cuello acolchado    Anti statico.    Suela antideslizante    Resistente al aceite.    Doble costura    Puntera de Goma para protecci\u00f3n leve    ( Opcional ) Puntera de Hierro   921P [...]Read More...","og_url":"https:\/\/www.calzatechusa.com\/es\/producto\/zebra-c-punta-de-hierro\/","og_site_name":"CalzaTech Usa","article_modified_time":"2019-05-14T20:34:31+00:00","og_image":[{"width":600,"height":452,"url":"https:\/\/www.calzatechusa.com\/wp-content\/uploads\/2019\/04\/BNNCB-PH.jpg","type":"image\/jpeg"}],"twitter_card":"summary_large_image","schema":{"@context":"https:\/\/schema.org","@graph":[{"@type":"WebPage","@id":"https:\/\/www.calzatechusa.com\/es\/producto\/zebra-c-punta-de-hierro\/","url":"https:\/\/www.calzatechusa.com\/es\/producto\/zebra-c-punta-de-hierro\/","name":"Zebra C\/ Punta de Hierro - CalzaTech Usa","isPartOf":{"@id":"https:\/\/www.calzatechusa.com\/#website"},"datePublished":"2019-04-17T14:24:34+00:00","dateModified":"2019-05-14T20:34:31+00:00","breadcrumb":{"@id":"https:\/\/www.calzatechusa.com\/es\/producto\/zebra-c-punta-de-hierro\/#breadcrumb"},"inLanguage":"es","potentialAction":[{"@type":"ReadAction","target":["https:\/\/www.calzatechusa.com\/es\/producto\/zebra-c-punta-de-hierro\/"]}]},{"@type":"BreadcrumbList","@id":"https:\/\/www.calzatechusa.com\/es\/producto\/zebra-c-punta-de-hierro\/#breadcrumb","itemListElement":[{"@type":"ListItem","position":1,"name":"Home","item":"https:\/\/www.calzatechusa.com\/es\/"},{"@type":"ListItem","position":2,"name":"Shop","item":"https:\/\/www.calzatechusa.com\/shop\/"},{"@type":"ListItem","position":3,"name":"Zebra C\/ Punta de Hierro"}]},{"@type":"WebSite","@id":"https:\/\/www.calzatechusa.com\/#website","url":"https:\/\/www.calzatechusa.com\/","name":"CalzaTech Usa","description":"","potentialAction":[{"@type":"SearchAction","target":{"@type":"EntryPoint","urlTemplate":"https:\/\/www.calzatechusa.com\/?s={search_term_string}"},"query-input":"required name=search_term_string"}],"inLanguage":"es"}]}},"_links":{"self":[{"href":"https:\/\/www.calzatechusa.com\/es\/wp-json\/wp\/v2\/product\/3876\/"}],"collection":[{"href":"https:\/\/www.calzatechusa.com\/es\/wp-json\/wp\/v2\/product\/"}],"about":[{"href":"https:\/\/www.calzatechusa.com\/es\/wp-json\/wp\/v2\/types\/product\/"}],"wp:featuredmedia":[{"embeddable":true,"href":"https:\/\/www.calzatechusa.com\/es\/wp-json\/wp\/v2\/media\/3903\/"}],"wp:attachment":[{"href":"https:\/\/www.calzatechusa.com\/es\/wp-json\/wp\/v2\/media\/?parent=3876"}],"wp:term":[{"taxonomy":"product_cat","embeddable":true,"href":"https:\/\/www.calzatechusa.com\/es\/wp-json\/wp\/v2\/product_cat\/?post=3876"},{"taxonomy":"product_tag","embeddable":true,"href":"https:\/\/www.calzatechusa.com\/es\/wp-json\/wp\/v2\/product_tag\/?post=3876"}],"curies":[{"name":"wp","href":"https:\/\/api.w.org\/{rel}","templated":true}]}}